{"id":970,"date":"2021-11-27T23:36:58","date_gmt":"2021-11-27T22:36:58","guid":{"rendered":"https:\/\/esperanto.hr\/wp\/?page_id=970"},"modified":"2025-06-23T16:24:14","modified_gmt":"2025-06-23T14:24:14","slug":"pri-ni","status":"publish","type":"page","link":"https:\/\/esperanto.hr\/wp\/eo\/pri-ni\/","title":{"rendered":"Pri ni"},"content":{"rendered":"\t\t<div data-elementor-type=\"wp-page\" data-elementor-id=\"970\" class=\"elementor elementor-970\">\n\t\t\t\t\t\t<section class=\"elementor-section elementor-top-section elementor-element elementor-element-c640b82 elementor-section-boxed elementor-section-height-default elementor-section-height-default\" data-id=\"c640b82\" data-element_type=\"section\" data-e-type=\"section\">\n\t\t\t\t\t\t<div class=\"elementor-container elementor-column-gap-default\">\n\t\t\t\t\t<div class=\"elementor-column elementor-col-100 elementor-top-column elementor-element elementor-element-c494070\" data-id=\"c494070\" data-element_type=\"column\" data-e-type=\"column\">\n\t\t\t<div class=\"elementor-widget-wrap elementor-element-populated\">\n\t\t\t\t\t\t<div class=\"elementor-element elementor-element-3b91e91 elementor-widget elementor-widget-image\" data-id=\"3b91e91\" data-element_type=\"widget\" data-e-type=\"widget\" data-widget_type=\"image.default\">\n\t\t\t\t<div class=\"elementor-widget-container\">\n\t\t\t\t\t\t\t\t\t\t\t\t\t\t\t<img fetchpriority=\"high\" decoding=\"async\" width=\"895\" height=\"280\" src=\"https:\/\/esperanto.hr\/wp\/wp-content\/uploads\/2021\/11\/vodnikova.jpg\" class=\"attachment-large size-large wp-image-860\" alt=\"\" srcset=\"https:\/\/esperanto.hr\/wp\/wp-content\/uploads\/2021\/11\/vodnikova.jpg 895w, https:\/\/esperanto.hr\/wp\/wp-content\/uploads\/2021\/11\/vodnikova-300x94.jpg 300w, https:\/\/esperanto.hr\/wp\/wp-content\/uploads\/2021\/11\/vodnikova-768x240.jpg 768w\" sizes=\"(max-width: 895px) 100vw, 895px\" \/>\t\t\t\t\t\t\t\t\t\t\t\t\t\t\t<\/div>\n\t\t\t\t<\/div>\n\t\t\t\t\t<\/div>\n\t\t<\/div>\n\t\t\t\t\t<\/div>\n\t\t<\/section>\n\t\t\t\t<section class=\"elementor-section elementor-top-section elementor-element elementor-element-e7beece elementor-section-boxed elementor-section-height-default elementor-section-height-default\" data-id=\"e7beece\" data-element_type=\"section\" data-e-type=\"section\">\n\t\t\t\t\t\t<div class=\"elementor-container elementor-column-gap-default\">\n\t\t\t\t\t<div class=\"elementor-column elementor-col-100 elementor-top-column elementor-element elementor-element-8d1a083\" data-id=\"8d1a083\" data-element_type=\"column\" data-e-type=\"column\">\n\t\t\t<div class=\"elementor-widget-wrap elementor-element-populated\">\n\t\t\t\t\t\t<div class=\"elementor-element elementor-element-8f1a0c1 elementor-widget elementor-widget-heading\" data-id=\"8f1a0c1\" data-element_type=\"widget\" data-e-type=\"widget\" data-widget_type=\"heading.default\">\n\t\t\t\t<div class=\"elementor-widget-container\">\n\t\t\t\t\t<h2 class=\"elementor-heading-title elementor-size-default\">Pri ni <\/h2>\t\t\t\t<\/div>\n\t\t\t\t<\/div>\n\t\t\t\t\t<\/div>\n\t\t<\/div>\n\t\t\t\t\t<\/div>\n\t\t<\/section>\n\t\t\t\t<section class=\"elementor-section elementor-top-section elementor-element elementor-element-3c729e4 elementor-section-boxed elementor-section-height-default elementor-section-height-default\" data-id=\"3c729e4\" data-element_type=\"section\" data-e-type=\"section\">\n\t\t\t\t\t\t<div class=\"elementor-container elementor-column-gap-default\">\n\t\t\t\t\t<div class=\"elementor-column elementor-col-100 elementor-top-column elementor-element elementor-element-5522ae2\" data-id=\"5522ae2\" data-element_type=\"column\" data-e-type=\"column\">\n\t\t\t<div class=\"elementor-widget-wrap elementor-element-populated\">\n\t\t\t\t\t\t<div class=\"elementor-element elementor-element-643ee6b elementor-widget elementor-widget-text-editor\" data-id=\"643ee6b\" data-element_type=\"widget\" data-e-type=\"widget\" data-widget_type=\"text-editor.default\">\n\t\t\t\t<div class=\"elementor-widget-container\">\n\t\t\t\t\t\t\t\t\t<p>Kroata Esperanto-Ligo (KEL) estas neregistara asocio kiu kunigas esperantistojn, esperantajn societojn kaj amikojn de Esperanto &#8211; \u011di agas por anta\u016denigi Esperanton en Kroatio.<\/p>\t\t\t\t\t\t\t\t<\/div>\n\t\t\t\t<\/div>\n\t\t\t\t\t<\/div>\n\t\t<\/div>\n\t\t\t\t\t<\/div>\n\t\t<\/section>\n\t\t\t\t<section class=\"elementor-section elementor-top-section elementor-element elementor-element-5db42d8 elementor-section-boxed elementor-section-height-default elementor-section-height-default\" data-id=\"5db42d8\" data-element_type=\"section\" data-e-type=\"section\">\n\t\t\t\t\t\t<div class=\"elementor-container elementor-column-gap-default\">\n\t\t\t\t\t<div class=\"elementor-column elementor-col-100 elementor-top-column elementor-element elementor-element-d9d3063\" data-id=\"d9d3063\" data-element_type=\"column\" data-e-type=\"column\">\n\t\t\t<div class=\"elementor-widget-wrap elementor-element-populated\">\n\t\t\t\t\t\t<div class=\"elementor-element elementor-element-bb3b977 elementor-widget elementor-widget-heading\" data-id=\"bb3b977\" data-element_type=\"widget\" data-e-type=\"widget\" data-widget_type=\"heading.default\">\n\t\t\t\t<div class=\"elementor-widget-container\">\n\t\t\t\t\t<h4 class=\"elementor-heading-title elementor-size-default\">Esperantaj organizacioj en Kroatio - membroj de Kroata Esperanto-Ligo \n\n<\/h4>\t\t\t\t<\/div>\n\t\t\t\t<\/div>\n\t\t\t\t\t<\/div>\n\t\t<\/div>\n\t\t\t\t\t<\/div>\n\t\t<\/section>\n\t\t\t\t<section class=\"elementor-section elementor-top-section elementor-element elementor-element-3ab837a elementor-section-boxed elementor-section-height-default elementor-section-height-default\" data-id=\"3ab837a\" data-element_type=\"section\" data-e-type=\"section\">\n\t\t\t\t\t\t<div class=\"elementor-container elementor-column-gap-default\">\n\t\t\t\t\t<div class=\"elementor-column elementor-col-50 elementor-top-column elementor-element elementor-element-8f0c701\" data-id=\"8f0c701\" data-element_type=\"column\" data-e-type=\"column\">\n\t\t\t<div class=\"elementor-widget-wrap elementor-element-populated\">\n\t\t\t\t\t\t<div class=\"elementor-element elementor-element-f4737ed elementor-widget elementor-widget-text-editor\" data-id=\"f4737ed\" data-element_type=\"widget\" data-e-type=\"widget\" data-widget_type=\"text-editor.default\">\n\t\t\t\t<div class=\"elementor-widget-container\">\n\t\t\t\t\t\t\t\t\t<p>\u00a0<\/p><p><strong>Esperanto societo Rijeka<\/strong><\/p><p>Bla\u017ea Poli\u0107a 4<\/p><p>51000 Rijeka<\/p><p>rijeka.esperanto@gmail.com<\/p><p>esperanto-ri@ri.tel.hr<\/p><p>Prezidanto: Emil Hrvatin\u00a0<\/p><p>Kontakto: 091 88 22 986\u00a0\u00a0<\/p><p>Vicprezidanto: Luka Kik<\/p><p>Kontakto: 091 167 8437\u00a0<\/p><p>\u00a0<\/p><p><strong>Esperanto-Societo \u201cTibor Sekelj\u201d<\/strong><\/p><p>Vodnikova 9<\/p><p>10000 Zagreb<\/p><p>tibor.sekelj.zg@gmail.com<\/p><p>Prezidanto: Krunoslav Ti\u0161ljar<\/p><p>Kontakto: 091 363 1438<\/p><p>\u00a0<\/p><p><strong>Studenta Esperanto-Klubo<\/strong><\/p><p>Vodnikova 9<\/p><p>10000 Zagreb<\/p><p><a href=\"http:\/\/sek.hr\" target=\"_blank\" rel=\"noopener\">sek.hr<\/a><\/p><p>sek.zagreb@gmail.com<\/p><p>Prezidanto: Robert Milija\u0161<\/p><p>\u00a0<\/p><p><strong>Kroata Esperanto-Junulara Asocio<\/strong><\/p><p>Vodnikova 9<\/p><p>10000 Zagreb<\/p><p>Prezidanto: \u0110ivo Pulitika<\/p><p>\u00a0<\/p><p><strong>Kroata Fervojista Esperanto-Asocio<\/strong><\/p><p>Trnjanska cesta 11 f<\/p><p>10000 Zagreb<\/p><p>Prezidantino: Ro\u017ea Brleti\u0107-Vi\u0161nji\u0107<\/p><p>Kontakto: 0911962688<\/p><p>\u00a0<\/p><p><strong>Dokumenta Esperanto-Centro (DEC)\u00a0<\/strong><\/p><p>Bana Jela\u010di\u0107a 138A<\/p><p>48350 \u0110ur\u0111evac<\/p><p><a href=\"mailto:dec.kroatio@gmail.com\" target=\"_blank\" rel=\"noopener\">dec.kroatio@gmail.com<\/a><\/p><p>Prezidanto: Zdravko Sele\u0161<\/p><p>Sekretario: Josip Pleadin<\/p><p>Kontakto: 098 248574<\/p>\t\t\t\t\t\t\t\t<\/div>\n\t\t\t\t<\/div>\n\t\t\t\t\t<\/div>\n\t\t<\/div>\n\t\t\t\t<div class=\"elementor-column elementor-col-50 elementor-top-column elementor-element elementor-element-a71b1fc\" data-id=\"a71b1fc\" data-element_type=\"column\" data-e-type=\"column\">\n\t\t\t<div class=\"elementor-widget-wrap elementor-element-populated\">\n\t\t\t\t\t\t<div class=\"elementor-element elementor-element-efffe08 elementor-widget elementor-widget-text-editor\" data-id=\"efffe08\" data-element_type=\"widget\" data-e-type=\"widget\" data-widget_type=\"text-editor.default\">\n\t\t\t\t<div class=\"elementor-widget-container\">\n\t\t\t\t\t\t\t\t\t<p>\u00a0<\/p><p><strong>Esperanto-Societo \u201cSplit\u201d <br \/><\/strong><\/p><p>21000 Split<\/p><p>Prezidanto: Zdravko Budi\u0161a<\/p><p><a href=\"https:\/\/www.facebook.com\/groups\/294100849273848\">Facebook<\/a><\/p><p><strong>\u00a0<\/strong><\/p><p><strong>Unui\u011do de prelegantoj de Esperanto<\/strong><\/p><p>Jarunska 6<\/p><p>10000 Zagreb<\/p><p>Prezidantino: Marija Jerkovi\u0107<\/p><p>Kontakto: mjerkovic@net.hr, 098402054<\/p><p>\u00a0<\/p><p><strong>Bjelovara esperantista societo <br \/><\/strong><\/p><p>Vlatka Ma\u010deka 14<\/p><p>43000 Bjelovar<\/p><p>esperanto.bjelovar@gmail.com<\/p><p>Prezidanto: Franjo Forjan<\/p><p>Kontakto: 0917973484 (Franjo)<\/p><p>0981817350 (Zdenka)<\/p><p>\u00a0<\/p><p><strong>Asocio por E\u016dropa Konscio<\/strong><\/p><p>Palmoti\u0107eva 24<\/p><p>10410 Velika Gorica<\/p><p>Prezidantino: Maja Ti\u0161ljar<\/p><p>Kontakto: ruzarozo@gmail.com, 0958076099<\/p><p>\u00a0<\/p><p><strong>Esperanto-Societo \u201cMondo Paca\u201d <br \/><\/strong><\/p><p>10410 Velika Gorica<\/p><p>Prezidantino: Gordana Pintar<\/p><p>\u00a0<\/p><p><strong>Esperanto-Societo Sisak <br \/><\/strong><\/p><p>Lonjska 74<\/p><p>44000 Sisak<\/p><p>Prezidantino: Nata\u0161a Dorosuli\u0107<\/p><p>Kontakto: natasa.dorosulic@gmail.com, 0918876306<\/p><p>\u00a0<\/p><p><strong>Esperanto-Societo Trixini <br \/><\/strong><\/p><p>Trgovi\u0161\u0107e 50<\/p><p>49283 Hra\u0161\u0107ina-Trgovi\u0161\u0107e<\/p><p>Prezidanto: Bo\u017eidar Brezin\u0161\u010dak Bagola<\/p><p>Kontakto: spomenka.stimec@zg.t-com.hr, 0914617550<\/p>\t\t\t\t\t\t\t\t<\/div>\n\t\t\t\t<\/div>\n\t\t\t\t\t<\/div>\n\t\t<\/div>\n\t\t\t\t\t<\/div>\n\t\t<\/section>\n\t\t\t\t<\/div>\n\t\t","protected":false},"excerpt":{"rendered":"<p>Pri ni Kroata Esperanto-Ligo (KEL) estas neregistara asocio kiu kunigas esperantistojn, esperantajn societojn kaj amikojn de Esperanto &#8211; \u011di agas por anta\u016denigi Esperanton en Kroatio. Esperantaj organizacioj en Kroatio &#8211; membroj de Kroata Esperanto-Ligo \u00a0 Esperanto societo Rijeka Bla\u017ea Poli\u0107a 4 51000 Rijeka rijeka.esperanto@gmail.com esperanto-ri@ri.tel.hr Prezidanto: Emil Hrvatin\u00a0 Kontakto: 091 88 22 986\u00a0\u00a0 Vicprezidanto: Luka [&hellip;]<\/p>\n","protected":false},"author":1,"featured_media":0,"parent":0,"menu_order":0,"comment_status":"closed","ping_status":"closed","template":"","meta":{"site-sidebar-layout":"no-sidebar","site-content-layout":"page-builder","ast-site-content-layout":"default","site-content-style":"default","site-sidebar-style":"default","ast-global-header-display":"","ast-banner-title-visibility":"","ast-main-header-display":"","ast-hfb-above-header-display":"","ast-hfb-below-header-display":"","ast-hfb-mobile-header-display":"","site-post-title":"disabled","ast-breadcrumbs-content":"","ast-featured-img":"disabled","footer-sml-layout":"","ast-disable-related-posts":"","theme-transparent-header-meta":"","adv-header-id-meta":"","stick-header-meta":"","header-above-stick-meta":"","header-main-stick-meta":"","header-below-stick-meta":"","astra-migrate-meta-layouts":"default","ast-page-background-enabled":"default","ast-page-background-meta":{"desktop":{"background-color":"","background-image":"","background-repeat":"repeat","background-position":"center center","background-size":"auto","background-attachment":"scroll","background-type":"","background-media":"","overlay-type":"","overlay-color":"","overlay-opacity":"","overlay-gradient":""},"tablet":{"background-color":"","background-image":"","background-repeat":"repeat","background-position":"center center","background-size":"auto","background-attachment":"scroll","background-type":"","background-media":"","overlay-type":"","overlay-color":"","overlay-opacity":"","overlay-gradient":""},"mobile":{"background-color":"","background-image":"","background-repeat":"repeat","background-position":"center center","background-size":"auto","background-attachment":"scroll","background-type":"","background-media":"","overlay-type":"","overlay-color":"","overlay-opacity":"","overlay-gradient":""}},"ast-content-background-meta":{"desktop":{"background-color":"var(--ast-global-color-5)","background-image":"","background-repeat":"repeat","background-position":"center center","background-size":"auto","background-attachment":"scroll","background-type":"","background-media":"","overlay-type":"","overlay-color":"","overlay-opacity":"","overlay-gradient":""},"tablet":{"background-color":"var(--ast-global-color-5)","background-image":"","background-repeat":"repeat","background-position":"center center","background-size":"auto","background-attachment":"scroll","background-type":"","background-media":"","overlay-type":"","overlay-color":"","overlay-opacity":"","overlay-gradient":""},"mobile":{"background-color":"var(--ast-global-color-5)","background-image":"","background-repeat":"repeat","background-position":"center center","background-size":"auto","background-attachment":"scroll","background-type":"","background-media":"","overlay-type":"","overlay-color":"","overlay-opacity":"","overlay-gradient":""}},"footnotes":""},"class_list":["post-970","page","type-page","status-publish","hentry"],"_links":{"self":[{"href":"https:\/\/esperanto.hr\/wp\/wp-json\/wp\/v2\/pages\/970","targetHints":{"allow":["GET"]}}],"collection":[{"href":"https:\/\/esperanto.hr\/wp\/wp-json\/wp\/v2\/pages"}],"about":[{"href":"https:\/\/esperanto.hr\/wp\/wp-json\/wp\/v2\/types\/page"}],"author":[{"embeddable":true,"href":"https:\/\/esperanto.hr\/wp\/wp-json\/wp\/v2\/users\/1"}],"replies":[{"embeddable":true,"href":"https:\/\/esperanto.hr\/wp\/wp-json\/wp\/v2\/comments?post=970"}],"version-history":[{"count":16,"href":"https:\/\/esperanto.hr\/wp\/wp-json\/wp\/v2\/pages\/970\/revisions"}],"predecessor-version":[{"id":4919,"href":"https:\/\/esperanto.hr\/wp\/wp-json\/wp\/v2\/pages\/970\/revisions\/4919"}],"wp:attachment":[{"href":"https:\/\/esperanto.hr\/wp\/wp-json\/wp\/v2\/media?parent=970"}],"curies":[{"name":"wp","href":"https:\/\/api.w.org\/{rel}","templated":true}]}}